{"id":15508,"date":"2014-07-23T11:49:50","date_gmt":"2014-07-23T11:49:50","guid":{"rendered":"http:\/\/demo.qodeinteractive.com\/bridge24\/?page_id=15508"},"modified":"2024-07-09T13:48:00","modified_gmt":"2024-07-09T11:48:00","slug":"home-7","status":"publish","type":"page","link":"https:\/\/otticaforni.com\/","title":{"rendered":"Home"},"content":{"rendered":"<p>[vc_row css_animation=&#8221;&#8221; row_type=&#8221;row&#8221; use_row_as_full_screen_section=&#8221;no&#8221; type=&#8221;grid&#8221; anchor=&#8221;portfolio&#8221; angled_section=&#8221;no&#8221; text_align=&#8221;center&#8221; background_image_as_pattern=&#8221;without_pattern&#8221; padding_top=&#8221;79&#8243; padding_bottom=&#8221;43&#8243;][vc_column width=&#8221;1\/2&#8243;][vc_gallery type=&#8221;nivo&#8221; interval=&#8221;3&#8243; images=&#8221;17765&#8243; img_size=&#8221;full&#8221; onclick=&#8221;custom_link&#8221; title=&#8221;Biometrics &#8211; La nuova generazione delle lenti per occhiali&#8221; custom_links=&#8221;#E-8_aHR0cHMlM0ElMkYlMkZ3d3cueW91dHViZS5jb20lMkZ3YXRjaCUzRnYlM0RHQ2JaQ0Z6NkRZNA==&#8221;][vc_gallery type=&#8221;nivo&#8221; interval=&#8221;3&#8243; images=&#8221;17734&#8243; img_size=&#8221;full&#8221; title=&#8221;Lenti per occhiali per il controllo della miopia D.I.M.S&#8221;][\/vc_column][vc_column width=&#8221;1\/2&#8243;][vc_gallery type=&#8221;nivo&#8221; interval=&#8221;3&#8243; images=&#8221;17735,17736&#8243; img_size=&#8221;full&#8221; onclick=&#8221;img_link_large&#8221; title=&#8221;Per frenare l&#8217;aumento della miopia nell&#8217;adolescenza&#8221;][\/vc_column][\/vc_row][vc_row css_animation=&#8221;&#8221; row_type=&#8221;row&#8221; use_row_as_full_screen_section=&#8221;no&#8221; type=&#8221;grid&#8221; anchor=&#8221;portfolio&#8221; angled_section=&#8221;no&#8221; text_align=&#8221;center&#8221; background_image_as_pattern=&#8221;without_pattern&#8221; padding_top=&#8221;79&#8243; padding_bottom=&#8221;43&#8243;][vc_column][qode_pricing_tables columns=&#8221;two_columns&#8221;][\/qode_pricing_tables][\/vc_column][\/vc_row][vc_row css_animation=&#8221;&#8221; row_type=&#8221;row&#8221; use_row_as_full_screen_section=&#8221;no&#8221; type=&#8221;grid&#8221; anchor=&#8221;portfolio&#8221; angled_section=&#8221;no&#8221; text_align=&#8221;center&#8221; background_image_as_pattern=&#8221;without_pattern&#8221; padding_top=&#8221;79&#8243; padding_bottom=&#8221;43&#8243;][vc_column][qode_pricing_tables columns=&#8221;two_columns&#8221;][\/qode_pricing_tables][\/vc_column][\/vc_row][vc_row css_animation=&#8221;&#8221; row_type=&#8221;row&#8221; use_row_as_full_screen_section=&#8221;no&#8221; type=&#8221;grid&#8221; anchor=&#8221;blog&#8221; angled_section=&#8221;no&#8221; text_align=&#8221;left&#8221; background_image_as_pattern=&#8221;without_pattern&#8221; background_color=&#8221;#f5f5f5&#8243; padding_top=&#8221;75&#8243; padding_bottom=&#8221;112&#8243;][vc_column][vc_column_text]<\/p>\n<h2 style=\"text-align: center;\">Ottica forni +<\/h2>\n<p>[\/vc_column_text][vc_separator type=&#8221;small&#8221; position=&#8221;center&#8221;][vc_column_text]<\/p>\n<p class=\"p1\" style=\"text-align: center;\"><span class=\"s1\">Dal 1997\u00a0facciamo il nostro meglio per soddisfare i desideri e le esigenze di tutti, ma proprio tutti.<br \/>\nProfessionalit\u00e0, competenza e soprattutto passione: \u00e8 questo il mix di ingredienti che ci contraddistingue<br \/>\ne che ci permette di affrontare con grande entusiasmo tutte le sfide che giornalmente ci si presentano.<br \/>\n<\/span><\/p>\n<p>[\/vc_column_text][\/vc_column][\/vc_row][vc_row css_animation=&#8221;&#8221; row_type=&#8221;row&#8221; use_row_as_full_screen_section=&#8221;no&#8221; type=&#8221;grid&#8221; anchor=&#8221;blog&#8221; angled_section=&#8221;no&#8221; text_align=&#8221;left&#8221; background_image_as_pattern=&#8221;without_pattern&#8221; background_color=&#8221;#f5f5f5&#8243; padding_top=&#8221;0&#8243; padding_bottom=&#8221;80&#8243;][vc_column width=&#8221;1\/4&#8243;][icon_text box_type=&#8221;normal&#8221; icon_pack=&#8221;linea_icons&#8221; linea_icon=&#8221;icon-basic-elaboration-bookmark-checck&#8221; icon_type=&#8221;circle&#8221; icon_position=&#8221;top&#8221; icon_margin=&#8221;0 0 40px 0&#8243; icon_size=&#8221;fa-4x&#8221; use_custom_icon_size=&#8221;yes&#8221; custom_icon_size=&#8221;48&#8243; custom_icon_size_inner=&#8221;56&#8243; title=&#8221;Qualit\u00e0&#8221; separator=&#8221;no&#8221; text=&#8221;\u00e8 soddisfare le necessit\u00e0 del cliente e superare le sue stesse aspettative continuando a migliorarsi&#8221; icon_color=&#8221;#ffffff&#8221; icon_background_color=&#8221;#970e2e&#8221; icon_border_color=&#8221;#970e2e&#8221;][\/vc_column][vc_column width=&#8221;1\/4&#8243;][icon_text box_type=&#8221;normal&#8221; icon_pack=&#8221;linea_icons&#8221; linea_icon=&#8221;icon-basic-book-pencil&#8221; icon_type=&#8221;circle&#8221; icon_position=&#8221;top&#8221; icon_margin=&#8221;0 0 40px 0&#8243; icon_size=&#8221;fa-4x&#8221; use_custom_icon_size=&#8221;yes&#8221; custom_icon_size=&#8221;48&#8243; custom_icon_size_inner=&#8221;56&#8243; title=&#8221;PROFESSIONALIT\u00c0&#8221; separator=&#8221;no&#8221; text=&#8221;sta nel sapere come farlo, quando farlo, e nel farlo&#8221; icon_border_color=&#8221;#970e2e&#8221; icon_color=&#8221;#ffffff&#8221; icon_background_color=&#8221;#970e2e&#8221;][\/vc_column][vc_column width=&#8221;1\/4&#8243;][icon_text box_type=&#8221;normal&#8221; icon_pack=&#8221;linea_icons&#8221; linea_icon=&#8221;icon-basic-elaboration-message-happy&#8221; icon_type=&#8221;circle&#8221; icon_position=&#8221;top&#8221; icon_margin=&#8221;0 0 40px 0&#8243; icon_size=&#8221;fa-4x&#8221; use_custom_icon_size=&#8221;yes&#8221; custom_icon_size=&#8221;48&#8243; custom_icon_size_inner=&#8221;56&#8243; title=&#8221;DISPONIBILIT\u00c0&#8221; separator=&#8221;no&#8221; text=&#8221;non c\u2019\u00e8 miglior pubblicit\u00e0 di un cliente soddisfatto&#8221; icon_border_color=&#8221;#970e2e&#8221; icon_color=&#8221;#ffffff&#8221; icon_background_color=&#8221;#970e2e&#8221;][\/vc_column][vc_column width=&#8221;1\/4&#8243;][icon_text box_type=&#8221;normal&#8221; icon_pack=&#8221;linea_icons&#8221; linea_icon=&#8221;icon-basic-globe&#8221; icon_type=&#8221;circle&#8221; icon_position=&#8221;top&#8221; icon_margin=&#8221;0 0 40px 0&#8243; icon_size=&#8221;fa-4x&#8221; use_custom_icon_size=&#8221;yes&#8221; custom_icon_size=&#8221;48&#8243; custom_icon_size_inner=&#8221;56&#8243; title=&#8221;NOVIT\u00c0 e TENDENZE&#8221; separator=&#8221;no&#8221; text=&#8221;ogni volta che impariamo qualcosa di nuovo, noi stessi diventiamo qualcosa di nuovo&#8221; icon_border_color=&#8221;#970e2e&#8221; icon_color=&#8221;#ffffff&#8221; icon_background_color=&#8221;#970e2e&#8221;][\/vc_column][\/vc_row][vc_row css_animation=&#8221;&#8221; row_type=&#8221;row&#8221; use_row_as_full_screen_section=&#8221;no&#8221; type=&#8221;grid&#8221; angled_section=&#8221;no&#8221; text_align=&#8221;left&#8221; background_image_as_pattern=&#8221;without_pattern&#8221; padding_top=&#8221;58&#8243; padding_bottom=&#8221;58&#8243;][vc_column][qode_carousel carousel=&#8221;loghi&#8221; number_of_visible_items=&#8221;&#8221; orderby=&#8221;title&#8221;][\/vc_column][\/vc_row][vc_row css_animation=&#8221;&#8221; row_type=&#8221;row&#8221; use_row_as_full_screen_section=&#8221;no&#8221; type=&#8221;grid&#8221; anchor=&#8221;blog&#8221; angled_section=&#8221;no&#8221; text_align=&#8221;left&#8221; background_image_as_pattern=&#8221;without_pattern&#8221; background_color=&#8221;#f5f5f5&#8243; padding_top=&#8221;75&#8243; padding_bottom=&#8221;112&#8243;][vc_column][vc_column_text]<\/p>\n<h2 style=\"text-align: center;\">Approfondisci<\/h2>\n<p>[\/vc_column_text][vc_separator type=&#8221;small&#8221; position=&#8221;center&#8221;][vc_column_text]<\/p>\n<p class=\"p1\" style=\"text-align: center;\"><span class=\"s1\">Segui il nostro blog di ottica dove troverai tutte le novit\u00e0 nel mondo dell&#8217;Ottica e dell&#8217;Optometria: idee e consigli preziosi sempre aggiornati.<\/span><\/p>\n<p>[\/vc_column_text][vc_separator type=&#8221;transparent&#8221; up=&#8221;50&#8243;][latest_post type=&#8221;boxes&#8221; number_of_colums=&#8221;3&#8243; number_of_rows=&#8221;1&#8243; text_from_edge=&#8221;no&#8221; order_by=&#8221;date&#8221; order=&#8221;DESC&#8221; display_comments=&#8221;0&#8243; text_length=&#8221;128&#8243;][\/vc_column][\/vc_row][vc_row css_animation=&#8221;&#8221; row_type=&#8221;row&#8221; use_row_as_full_screen_section=&#8221;no&#8221; type=&#8221;grid&#8221; angled_section=&#8221;no&#8221; text_align=&#8221;center&#8221; background_image_as_pattern=&#8221;without_pattern&#8221; padding_top=&#8221;73&#8243; padding_bottom=&#8221;103&#8243;][vc_column][vc_column_text]<\/p>\n<h2 style=\"text-align: center;\">PIACERE, OTTICA FORNI.<\/h2>\n<p>[\/vc_column_text][vc_separator type=&#8221;small&#8221; position=&#8221;center&#8221;][vc_column_text]<\/p>\n<p style=\"text-align: center;\">Vi presentiamo il nostro fantastico team:<br \/>\n<span style=\"color: #960530;\">NICE TO MEET YOU!<\/span><\/p>\n<p>[\/vc_column_text][vc_separator type=&#8221;transparent&#8221; up=&#8221;30&#8243; down=&#8221;30&#8243;][button target=&#8221;_self&#8221; hover_type=&#8221;default&#8221; text=&#8221;Incontra il nostro Team&#8221; link=&#8221;https:\/\/otticaforni.com\/?page_id=13383\/#team&#8221;][vc_separator type=&#8221;transparent&#8221; up=&#8221;45&#8243; down=&#8221;45&#8243;][vc_single_image image=&#8221;17006&#8243; img_size=&#8221;full&#8221; alignment=&#8221;center&#8221; onclick=&#8221;custom_link&#8221; qode_css_animation=&#8221;&#8221; link=&#8221;https:\/\/otticaforni.com\/?page_id=13383\/#team&#8221;][\/vc_column][\/vc_row][vc_row css_animation=&#8221;&#8221; row_type=&#8221;row&#8221; use_row_as_full_screen_section=&#8221;no&#8221; type=&#8221;full_width&#8221; angled_section=&#8221;no&#8221; text_align=&#8221;center&#8221; background_image_as_pattern=&#8221;without_pattern&#8221; background_color=&#8221;#f5f5f5&#8243;][vc_column][vc_gmaps link=&#8221;#E-8_JTNDaWZyYW1lJTIwc3JjJTNEJTIyaHR0cHMlM0ElMkYlMkZ3d3cuZ29vZ2xlLmNvbSUyRm1hcHMlMkZlbWJlZCUzRnBiJTNEJTIxMW0xOCUyMTFtMTIlMjExbTMlMjExZDI3NTMuNDI5NjcxMjMyODI0JTIxMmQ4Ljk2Njk0NTUxNjIxNTUwNSUyMTNkNDYuMzYwODYyNTc5MTIxNzE1JTIxMm0zJTIxMWYwJTIxMmYwJTIxM2YwJTIxM20yJTIxMWkxMDI0JTIxMmk3NjglMjE0ZjEzLjElMjEzbTMlMjExbTIlMjExczB4NDc4NWFjZTNlODFlM2ZlOSUyNTNBMHgyZDk2OWU0ZDNlYzc5MDZlJTIxMnNPdHRpY2ElMkJGb3JuaSUyQlNBJTIxNWUwJTIxM20yJTIxMXNpdCUyMTJzY2glMjE0djE0ODUzNTkzMzI4NjMlMjIlMjB3aWR0aCUzRCUyMjYwMCUyMiUyMGhlaWdodCUzRCUyMjQ1MCUyMiUyMGZyYW1lYm9yZGVyJTNEJTIyMCUyMiUyMHN0eWxlJTNEJTIyYm9yZGVyJTNBMCUyMiUyMGFsbG93ZnVsbHNjcmVlbiUzRSUzQyUyRmlmcmFtZSUzRQ==&#8221; size=&#8221;400&#8243;][\/vc_column][\/vc_row]<\/p>\n<ul class=\"social-nav model-2\"><li><a rel=\"nofollow\" href=\"http:\/\/www.facebook.com\/sharer.php?u=https%3A%2F%2Fotticaforni.com%2F\" target=\"_blank\" class=\"facebook stylishss-button\"><i class=\"fa fa-facebook\"><\/i><\/a><\/li><li><a rel=\"nofollow\" href=\"https:\/\/twitter.com\/share?url=https%3A%2F%2Fotticaforni.com%2F\" target=\"_blank\" class=\"twitter stylishss-button\"><i class=\"fa fa-twitter\"><\/i><\/a><\/li><li><a rel=\"nofollow\" href=\"https:\/\/plus.google.com\/share?url=https%3A%2F%2Fotticaforni.com%2F\" target=\"_blank\" class=\"google-plus stylishss-button\"><i class=\"fa fa-google-plus\"><\/i><\/a><\/li><li><a rel=\"nofollow\" href=\"http:\/\/www.linkedin.com\/shareArticle?url=https%3A%2F%2Fotticaforni.com%2F\" target=\"_blank\" class=\"linkedin stylishss-button\"><i class=\"fa fa-linkedin\"><\/i><\/a><\/li><li><a rel=\"nofollow\" href=\"http:\/\/reddit.com\/submit?url=https%3A%2F%2Fotticaforni.com%2F&title=Home\" target=\"_blank\" class=\"reddit stylishss-button\"><i class=\"fa fa-reddit\"><\/i><\/a><\/li><\/ul>","protected":false},"excerpt":{"rendered":"<p>[vc_row css_animation=&#8221;&#8221; row_type=&#8221;row&#8221; use_row_as_full_screen_section=&#8221;no&#8221; type=&#8221;grid&#8221; anchor=&#8221;portfolio&#8221; angled_section=&#8221;no&#8221; text_align=&#8221;center&#8221; background_image_as_pattern=&#8221;without_pattern&#8221; padding_top=&#8221;79&#8243; padding_bottom=&#8221;43&#8243;][vc_column width=&#8221;1\/2&#8243;][vc_gallery type=&#8221;nivo&#8221; interval=&#8221;3&#8243; images=&#8221;17765&#8243; img_size=&#8221;full&#8221; onclick=&#8221;custom_link&#8221; title=&#8221;Biometrics &#8211; La nuova generazione delle lenti per occhiali&#8221; custom_links=&#8221;#E-8_aHR0cHMlM0ElMkYlMkZ3d3cueW91dHViZS5jb20lMkZ3YXRjaCUzRnYlM0RHQ2JaQ0Z6NkRZNA==&#8221;][vc_gallery type=&#8221;nivo&#8221; interval=&#8221;3&#8243; images=&#8221;17734&#8243; &hellip; <\/p>\n","protected":false},"author":1,"featured_media":17765,"parent":0,"menu_order":0,"comment_status":"open","ping_status":"closed","template":"","meta":{"footnotes":""},"class_list":["post-15508","page","type-page","status-publish","has-post-thumbnail","hentry"],"_links":{"self":[{"href":"https:\/\/otticaforni.com\/index.php?rest_route=\/wp\/v2\/pages\/15508"}],"collection":[{"href":"https:\/\/otticaforni.com\/index.php?rest_route=\/wp\/v2\/pages"}],"about":[{"href":"https:\/\/otticaforni.com\/index.php?rest_route=\/wp\/v2\/types\/page"}],"author":[{"embeddable":true,"href":"https:\/\/otticaforni.com\/index.php?rest_route=\/wp\/v2\/users\/1"}],"replies":[{"embeddable":true,"href":"https:\/\/otticaforni.com\/index.php?rest_route=%2Fwp%2Fv2%2Fcomments&post=15508"}],"version-history":[{"count":341,"href":"https:\/\/otticaforni.com\/index.php?rest_route=\/wp\/v2\/pages\/15508\/revisions"}],"predecessor-version":[{"id":17774,"href":"https:\/\/otticaforni.com\/index.php?rest_route=\/wp\/v2\/pages\/15508\/revisions\/17774"}],"wp:featuredmedia":[{"embeddable":true,"href":"https:\/\/otticaforni.com\/index.php?rest_route=\/wp\/v2\/media\/17765"}],"wp:attachment":[{"href":"https:\/\/otticaforni.com\/index.php?rest_route=%2Fwp%2Fv2%2Fmedia&parent=15508"}],"curies":[{"name":"wp","href":"https:\/\/api.w.org\/{rel}","templated":true}]}}